{"id":1623,"date":"2023-08-20T12:57:09","date_gmt":"2023-08-20T09:57:09","guid":{"rendered":"http:\/\/www.osmanincimuzesi.com\/?page_id=1623"},"modified":"2025-12-16T15:08:05","modified_gmt":"2025-12-16T12:08:05","slug":"prof-dr-osman-inciye-ait-kitaplar","status":"publish","type":"page","link":"http:\/\/www.osmanincimuzesi.com\/index.php\/prof-dr-osman-inciye-ait-kitaplar\/","title":{"rendered":"Prof. Dr. Osman \u0130nci&#8217;ye Ait Kitaplar"},"content":{"rendered":"<blockquote><p>Sat\u0131l\u0131k Kitaplar<\/p><\/blockquote>\n<p>1- Prof. Dr. Osman \u0130nci &#8212; As\u0131rlard\u0131r Omuz Omuza\/Bellek Yay\u0131nevi-2013<br \/>\n2- Prof. Dr. Osman \u0130NC\u0130 \u2013 Ya\u015fayan M\u00fcze\/Trakya \u00dcniversitesi Rekt\u00f6rl\u00fc\u011f\u00fc Yay\u0131nlar\u0131 no: 60<br \/>\n3- Prof. Dr. Osman \u0130NC\u0130 \u2013Kilit Ta\u015f\u0131\/ Bellek Yay\u0131nlar\u0131-2012<br \/>\n4- Prof. Dr. Osman \u0130NC\u0130 \u2013 Trakya (\u0130stanbul\u2019un \u0130\u015fgaline) Direniyor- Cumhuriyet Kitaplar\u0131- 2010<br \/>\n5- Prof. Dr. Osman \u0130NC\u0130 \u2013 Yeni Nesil Rekt\u00f6rler ve Akademik K\u00fclt\u00fcr Erozyonu\/ Bellek Yay\u0131nevi- 2016<br \/>\n6- Prof. Dr. Osman \u0130NC\u0130 \u2013 Bilimsel Ara\u015ft\u0131rma ve T\u0131p Eti\u011fi- 2008<br \/>\n7- Prof. Dr. Osman \u0130NC\u0130 \u2013 Susturulan Akademya-Bellek Yay\u0131nlar\u0131-2012<br \/>\n8- Prof. Dr. Osman \u0130NC\u0130 \u2013 Trakya\u2019 da Truva Atlar\u0131(E\u011fitim, K\u00fclt\u00fcr, \u00c7evre Yaz\u0131lar\u0131)\/ Bellek Yay\u0131nevi-2022<br \/>\n9- Dr. Vural SOLOK, Dr. Osman \u0130NC\u0130, Dr. Sabahattin AYDIN &#8211;T\u00fcrkiye\u2019de \u00dcroloji E\u011fitimi Veren Kurumlar\u0131n Tarih\u00e7esi\/ T\u00fcrk \u00dcroloji Derne\u011fi-<br \/>\n10- Prof. Dr. Osman \u0130NC\u0130 &#8211; Medresele\u015fen \u00dcniversiteler Mollala\u015fan Akademisyenler &#8211; Cumhuriyet Kitaplar\u0131 &#8211; 2021<br \/>\n11- Prof. Dr. Osman \u0130NC\u0130 &#8211; Hapsedilen Cumhuriyet &#8211; Cumhuriyet Kitaplar\u0131 &#8211; 2025<br \/>\n12- Prof. Dr. Osman \u0130NC\u0130 &#8211; Karaa\u011fa\u00e7 &#8220;K\u00fc\u00e7\u00fck Paris&#8221; &#8211; Papir\u00fcs Yay\u0131nlar\u0131 &#8211; 2025<\/p>\n<blockquote><p>D\u0130\u011eER SATILIK K\u0130TAPLAR<br \/>\n1- Yrd. Do\u00e7. Mehtap C\u00d6MERT \u2013 ED\u0130RNEKAR\u0130\/TheReplika- Ocak 2023<br \/>\n2- \u015eahin \u00dcnal \u2013 Bir Fincan A\u015fk\/Cinius Yay\u0131nlar\u0131-2015<br \/>\n3- Sevim Eti &#8211; Yok Olan Sesler &#8211; Ofset Yap\u0131mevi &#8211; 2022<\/p><\/blockquote>\n<p><img loading=\"lazy\" decoding=\"async\" class=\"alignleft wp-image-1226 size-large\" src=\"http:\/\/www.osmanincimuzesi.com\/wp-content\/uploads\/2021\/06\/Basliksiz-1-2-e1623678261339-730x1024.jpg\" alt=\"\" width=\"730\" height=\"1024\" srcset=\"http:\/\/www.osmanincimuzesi.com\/wp-content\/uploads\/2021\/06\/Basliksiz-1-2-e1623678261339-730x1024.jpg 730w, http:\/\/www.osmanincimuzesi.com\/wp-content\/uploads\/2021\/06\/Basliksiz-1-2-e1623678261339-214x300.jpg 214w, http:\/\/www.osmanincimuzesi.com\/wp-content\/uploads\/2021\/06\/Basliksiz-1-2-e1623678261339.jpg 767w\" sizes=\"(max-width: 730px) 100vw, 730px\" \/><img loading=\"lazy\" decoding=\"async\" class=\"alignleft wp-image-1822 size-large\" src=\"http:\/\/www.osmanincimuzesi.com\/wp-content\/uploads\/2025\/12\/son-kitaplar-724x1024.jpg\" alt=\"\" width=\"724\" height=\"1024\" srcset=\"http:\/\/www.osmanincimuzesi.com\/wp-content\/uploads\/2025\/12\/son-kitaplar-724x1024.jpg 724w, http:\/\/www.osmanincimuzesi.com\/wp-content\/uploads\/2025\/12\/son-kitaplar-212x300.jpg 212w, http:\/\/www.osmanincimuzesi.com\/wp-content\/uploads\/2025\/12\/son-kitaplar-768x1086.jpg 768w, http:\/\/www.osmanincimuzesi.com\/wp-content\/uploads\/2025\/12\/son-kitaplar-1086x1536.jpg 1086w, http:\/\/www.osmanincimuzesi.com\/wp-content\/uploads\/2025\/12\/son-kitaplar-1448x2048.jpg 1448w, http:\/\/www.osmanincimuzesi.com\/wp-content\/uploads\/2025\/12\/son-kitaplar-scaled.jpg 1810w\" sizes=\"(max-width: 724px) 100vw, 724px\" \/><\/p>\n","protected":false},"excerpt":{"rendered":"<p>Sat\u0131l\u0131k Kitaplar 1- Prof. Dr. Osman \u0130nci &#8212; As\u0131rlard\u0131r Omuz Omuza\/Bellek Yay\u0131nevi-2013 2- Prof. Dr. Osman \u0130NC\u0130 \u2013 Ya\u015fayan M\u00fcze\/Trakya \u00dcniversitesi Rekt\u00f6rl\u00fc\u011f\u00fc Yay\u0131nlar\u0131 no: 60 3- Prof. Dr. Osman \u0130NC\u0130 \u2013Kilit Ta\u015f\u0131\/ Bellek Yay\u0131nlar\u0131-2012 4- Prof. Dr. Osman \u0130NC\u0130 \u2013 Trakya (\u0130stanbul\u2019un \u0130\u015fgaline) Direniyor- Cumhuriyet Kitaplar\u0131- 2010 5- Prof. Dr. Osman \u0130NC\u0130 \u2013 Yeni Nesil<\/p>\n","protected":false},"author":2,"featured_media":0,"parent":0,"menu_order":0,"comment_status":"closed","ping_status":"closed","template":"","meta":{"footnotes":""},"_links":{"self":[{"href":"http:\/\/www.osmanincimuzesi.com\/index.php\/wp-json\/wp\/v2\/pages\/1623"}],"collection":[{"href":"http:\/\/www.osmanincimuzesi.com\/index.php\/wp-json\/wp\/v2\/pages"}],"about":[{"href":"http:\/\/www.osmanincimuzesi.com\/index.php\/wp-json\/wp\/v2\/types\/page"}],"author":[{"embeddable":true,"href":"http:\/\/www.osmanincimuzesi.com\/index.php\/wp-json\/wp\/v2\/users\/2"}],"replies":[{"embeddable":true,"href":"http:\/\/www.osmanincimuzesi.com\/index.php\/wp-json\/wp\/v2\/comments?post=1623"}],"version-history":[{"count":6,"href":"http:\/\/www.osmanincimuzesi.com\/index.php\/wp-json\/wp\/v2\/pages\/1623\/revisions"}],"predecessor-version":[{"id":1847,"href":"http:\/\/www.osmanincimuzesi.com\/index.php\/wp-json\/wp\/v2\/pages\/1623\/revisions\/1847"}],"wp:attachment":[{"href":"http:\/\/www.osmanincimuzesi.com\/index.php\/wp-json\/wp\/v2\/media?parent=1623"}],"curies":[{"name":"wp","href":"https:\/\/api.w.org\/{rel}","templated":true}]}}