{"id":546,"date":"2018-03-02T17:25:10","date_gmt":"2018-03-02T14:25:10","guid":{"rendered":"http:\/\/www.osmanincimuzesi.com\/?page_id=546"},"modified":"2020-10-11T14:04:56","modified_gmt":"2020-10-11T11:04:56","slug":"surekli-sergiler","status":"publish","type":"page","link":"http:\/\/www.osmanincimuzesi.com\/index.php\/surekli-sergiler\/","title":{"rendered":"S\u00fcrekli Sergiler"},"content":{"rendered":"<p class=\"alignleft\" style=\"text-align: center;\">Osman \u0130nci M\u00fczesi&#8217; nde s\u00fcrekli sergi olarak Prof. Dr. Osman \u0130nci&#8217;nin edindi\u011fi ya\u011fl\u0131 boya, sulu boya, ta\u015f bask\u0131, bask\u0131resim, grav\u00fcr, kolaj, heykel, dolma kalem koleksiyonu, seramik, \u00e7ini tabak ve vazolar sergilenmektedir. Ayr\u0131ca m\u00fcze kurucusuna takdir edilen \u00f6d\u00fcller, belgeler, akademik ve y\u00f6netimsel giysiler, aileye ait etnografik giysiler g\u00f6r\u00fclebilir.<\/p>\n<figure id=\"attachment_608\" aria-describedby=\"caption-attachment-608\" style=\"width: 300px\" class=\"wp-caption aligncenter\"><img loading=\"lazy\" decoding=\"async\" class=\"wp-image-608 size-medium\" src=\"http:\/\/www.osmanincimuzesi.com\/wp-content\/uploads\/2018\/07\/Burhan-DO\u011eAN\u00c7AY-300x208.jpg\" alt=\"\" width=\"300\" height=\"208\" srcset=\"http:\/\/www.osmanincimuzesi.com\/wp-content\/uploads\/2018\/07\/Burhan-DO\u011eAN\u00c7AY-300x208.jpg 300w, http:\/\/www.osmanincimuzesi.com\/wp-content\/uploads\/2018\/07\/Burhan-DO\u011eAN\u00c7AY-768x533.jpg 768w, http:\/\/www.osmanincimuzesi.com\/wp-content\/uploads\/2018\/07\/Burhan-DO\u011eAN\u00c7AY-1024x711.jpg 1024w\" sizes=\"(max-width: 300px) 100vw, 300px\" \/><figcaption id=\"caption-attachment-608\" class=\"wp-caption-text\">&#8220;Fidel&#8221; Burhan DO\u011eAN\u00c7AY, Kolaj<\/figcaption><\/figure>\n<p>\u00a0<\/p>\n<figure id=\"attachment_606\" aria-describedby=\"caption-attachment-606\" style=\"width: 164px\" class=\"wp-caption aligncenter\"><img loading=\"lazy\" decoding=\"async\" class=\" wp-image-606\" src=\"http:\/\/www.osmanincimuzesi.com\/wp-content\/uploads\/2018\/07\/Ali-Canda\u015f-207x300.jpg\" alt=\"\" width=\"164\" height=\"238\" srcset=\"http:\/\/www.osmanincimuzesi.com\/wp-content\/uploads\/2018\/07\/Ali-Canda\u015f-207x300.jpg 207w, http:\/\/www.osmanincimuzesi.com\/wp-content\/uploads\/2018\/07\/Ali-Canda\u015f-768x1113.jpg 768w, http:\/\/www.osmanincimuzesi.com\/wp-content\/uploads\/2018\/07\/Ali-Canda\u015f-706x1024.jpg 706w\" sizes=\"(max-width: 164px) 100vw, 164px\" \/><figcaption id=\"caption-attachment-606\" class=\"wp-caption-text\">&#8220;Yakar\u0131\u015f ve Naz&#8221; Ali CANDA\u015e, T.\u00dc.Y.B<\/figcaption><\/figure>\n<figure id=\"attachment_598\" aria-describedby=\"caption-attachment-598\" style=\"width: 135px\" class=\"wp-caption aligncenter\"><img loading=\"lazy\" decoding=\"async\" class=\"wp-image-598 \" src=\"http:\/\/www.osmanincimuzesi.com\/wp-content\/uploads\/2018\/07\/5-169x300.jpg\" alt=\"Metal Heykel\" width=\"135\" height=\"240\" \/><figcaption id=\"caption-attachment-598\" class=\"wp-caption-text\">&#8220;Yasak A\u015fk&#8221; Ayd\u0131n A\u015eKAN, Giacometti Tekni\u011fi<\/figcaption><\/figure>\n<p>\u00a0<\/p>\n<figure id=\"attachment_597\" aria-describedby=\"caption-attachment-597\" style=\"width: 224px\" class=\"wp-caption aligncenter\"><img loading=\"lazy\" decoding=\"async\" class=\"wp-image-597 \" src=\"http:\/\/www.osmanincimuzesi.com\/wp-content\/uploads\/2018\/07\/3-2-300x228.jpg\" alt=\"\" width=\"224\" height=\"170\" srcset=\"http:\/\/www.osmanincimuzesi.com\/wp-content\/uploads\/2018\/07\/3-2-300x228.jpg 300w, http:\/\/www.osmanincimuzesi.com\/wp-content\/uploads\/2018\/07\/3-2-768x583.jpg 768w, http:\/\/www.osmanincimuzesi.com\/wp-content\/uploads\/2018\/07\/3-2-1024x777.jpg 1024w, http:\/\/www.osmanincimuzesi.com\/wp-content\/uploads\/2018\/07\/3-2-370x280.jpg 370w\" sizes=\"(max-width: 224px) 100vw, 224px\" \/><figcaption id=\"caption-attachment-597\" class=\"wp-caption-text\">&#8220;Peyzaj&#8221; Stamatov, Tuval \u00dczerine Ya\u011fl\u0131 Boya<\/figcaption><\/figure>\n<p>\u00a0<\/p>\n<figure id=\"attachment_614\" aria-describedby=\"caption-attachment-614\" style=\"width: 300px\" class=\"wp-caption aligncenter\"><img loading=\"lazy\" decoding=\"async\" class=\"wp-image-614 size-medium\" src=\"http:\/\/www.osmanincimuzesi.com\/wp-content\/uploads\/2018\/07\/M\u00fcjde-Ayan-2-300x204.jpg\" alt=\"\" width=\"300\" height=\"204\" srcset=\"http:\/\/www.osmanincimuzesi.com\/wp-content\/uploads\/2018\/07\/M\u00fcjde-Ayan-2-300x204.jpg 300w, http:\/\/www.osmanincimuzesi.com\/wp-content\/uploads\/2018\/07\/M\u00fcjde-Ayan-2-768x521.jpg 768w, http:\/\/www.osmanincimuzesi.com\/wp-content\/uploads\/2018\/07\/M\u00fcjde-Ayan-2.jpg 822w\" sizes=\"(max-width: 300px) 100vw, 300px\" \/><figcaption id=\"caption-attachment-614\" class=\"wp-caption-text\">&#8220;Bilin\u00e7alt\u0131&#8221; M\u00fcjde AYAN, Kar\u0131\u015f\u0131k Teknik<\/figcaption><\/figure>\n\n\n<figure class=\"wp-block-video\"><video controls src=\"http:\/\/www.osmanincimuzesi.com\/wp-content\/uploads\/2020\/10\/osman-inci-gokce-tugrul-muzikli.mp4\"><\/video><\/figure>\n","protected":false},"excerpt":{"rendered":"<p>Osman \u0130nci M\u00fczesi&#8217; nde s\u00fcrekli sergi olarak Prof. Dr. Osman \u0130nci&#8217;nin edindi\u011fi ya\u011fl\u0131 boya, sulu boya, ta\u015f bask\u0131, bask\u0131resim, grav\u00fcr, kolaj, heykel, dolma kalem koleksiyonu, seramik, \u00e7ini tabak ve vazolar sergilenmektedir. Ayr\u0131ca m\u00fcze kurucusuna takdir edilen \u00f6d\u00fcller, belgeler, akademik ve y\u00f6netimsel giysiler, aileye ait etnografik giysiler g\u00f6r\u00fclebilir. \u00a0 \u00a0 \u00a0<\/p>\n","protected":false},"author":1,"featured_media":0,"parent":0,"menu_order":0,"comment_status":"closed","ping_status":"closed","template":"","meta":{"footnotes":""},"_links":{"self":[{"href":"http:\/\/www.osmanincimuzesi.com\/index.php\/wp-json\/wp\/v2\/pages\/546"}],"collection":[{"href":"http:\/\/www.osmanincimuzesi.com\/index.php\/wp-json\/wp\/v2\/pages"}],"about":[{"href":"http:\/\/www.osmanincimuzesi.com\/index.php\/wp-json\/wp\/v2\/types\/page"}],"author":[{"embeddable":true,"href":"http:\/\/www.osmanincimuzesi.com\/index.php\/wp-json\/wp\/v2\/users\/1"}],"replies":[{"embeddable":true,"href":"http:\/\/www.osmanincimuzesi.com\/index.php\/wp-json\/wp\/v2\/comments?post=546"}],"version-history":[{"count":24,"href":"http:\/\/www.osmanincimuzesi.com\/index.php\/wp-json\/wp\/v2\/pages\/546\/revisions"}],"predecessor-version":[{"id":1115,"href":"http:\/\/www.osmanincimuzesi.com\/index.php\/wp-json\/wp\/v2\/pages\/546\/revisions\/1115"}],"wp:attachment":[{"href":"http:\/\/www.osmanincimuzesi.com\/index.php\/wp-json\/wp\/v2\/media?parent=546"}],"curies":[{"name":"wp","href":"https:\/\/api.w.org\/{rel}","templated":true}]}}